{"id":124,"date":"2020-04-18T09:15:03","date_gmt":"2020-04-18T09:15:03","guid":{"rendered":"http:\/\/sarah-gnaden-illustration.de\/?page_id=124"},"modified":"2023-10-27T20:12:56","modified_gmt":"2023-10-27T18:12:56","slug":"galerie","status":"publish","type":"page","link":"https:\/\/sarah-gnaden-illustration.de\/","title":{"rendered":""},"content":{"rendered":"\n<div class=\"wp-block-group\"><div class=\"wp-block-group__inner-container is-layout-flow wp-block-group-is-layout-flow\">\n<div class=\"wp-block-group\"><div class=\"wp-block-group__inner-container is-layout-flow wp-block-group-is-layout-flow\"><p class=\"fonts-plugin-block \">Hallo, Du wundervoller Mensch. <br>Wie sch\u00f6n, dass Du zu mir gefunden hast. Mein Name ist Sarah und ich erschaffe mit Herz und Seele Kunst, mit der ich Menschen im Alltag dabei unterst\u00fctzen m\u00f6chte, positive und st\u00e4rkende Gedanken zu denken. <br>Ein besonderes Augenmerk lege ich dabei auf farbenfrohe Poster und Postkarten f\u00fcr Kinder &#8211; in Form von st\u00e4rkenden Affirmationen und positiven Remindern. <br>Schau Dich gerne ganz in Ruhe im Shop um &#8211; wenn Du Fragen haben solltest, freue ich mich darauf, sie zu beantworten und Dir beratend zur Seite zu stehen. <br>Ich w\u00fcnsche Dir von Herzen viel Freude beim St\u00f6bern und schicke Dir ganz liebe Gr\u00fc\u00dfe.<br>Sarah<br><br>ps: Liegt Dir Nachhaltigkeit und Umweltschutz am Herzen? Dann habe ich gute Neuigkeiten: All meine Produkte werden in einer speziellen Umweltdruckserie aus nachhaltigen Materialien hergestellt und f\u00fcr alle Drucke, die ich in Auftrag gebe, \u00fcbernehme ich den Co2-Ausgleich.<br><br><\/p><\/div><\/div>\n<\/div><\/div>\n\n\n\n<div class=\"wp-block-buttons has-custom-font-size has-small-font-size is-content-justification-center is-layout-flex wp-container-core-buttons-is-layout-16018d1d wp-block-buttons-is-layout-flex\">\n<div class=\"wp-block-button has-custom-font-size is-style-outline has-medium-font-size is-style-outline--1\"><a class=\"wp-block-button__link wp-element-button\" href=\"https:\/\/sarah-gnaden-illustration.de\/?page_id=595\" target=\"_blank\" rel=\"noreferrer noopener\"><img loading=\"lazy\" decoding=\"async\" width=\"40\" height=\"40\" class=\"wp-image-418\" style=\"width: 40px;\" src=\"https:\/\/sarah-gnaden-illustration.de\/wp-content\/uploads\/2021\/01\/cropped-Logo_Sarah_Gnaden_Illustration.jpg\" alt=\"\" srcset=\"https:\/\/sarah-gnaden-illustration.de\/wp-content\/uploads\/2021\/01\/cropped-Logo_Sarah_Gnaden_Illustration.jpg 512w, https:\/\/sarah-gnaden-illustration.de\/wp-content\/uploads\/2021\/01\/cropped-Logo_Sarah_Gnaden_Illustration-300x300.jpg 300w, https:\/\/sarah-gnaden-illustration.de\/wp-content\/uploads\/2021\/01\/cropped-Logo_Sarah_Gnaden_Illustration-150x150.jpg 150w, https:\/\/sarah-gnaden-illustration.de\/wp-content\/uploads\/2021\/01\/cropped-Logo_Sarah_Gnaden_Illustration-450x450.jpg 450w, https:\/\/sarah-gnaden-illustration.de\/wp-content\/uploads\/2021\/01\/cropped-Logo_Sarah_Gnaden_Illustration-270x270.jpg 270w, https:\/\/sarah-gnaden-illustration.de\/wp-content\/uploads\/2021\/01\/cropped-Logo_Sarah_Gnaden_Illustration-192x192.jpg 192w, https:\/\/sarah-gnaden-illustration.de\/wp-content\/uploads\/2021\/01\/cropped-Logo_Sarah_Gnaden_Illustration-180x180.jpg 180w, https:\/\/sarah-gnaden-illustration.de\/wp-content\/uploads\/2021\/01\/cropped-Logo_Sarah_Gnaden_Illustration-32x32.jpg 32w\" sizes=\"auto, (max-width: 40px) 100vw, 40px\" \/> <sup>Hier geht es zum Shop<\/sup><\/a><\/div>\n<\/div>\n\n\n\n<p><\/p>\n\n\n\n<p><\/p>\n\n\n\n<div class=\"wp-block-columns is-layout-flex wp-container-core-columns-is-layout-9d6595d7 wp-block-columns-is-layout-flex\">\n<div class=\"wp-block-column is-vertically-aligned-top is-layout-flow wp-block-column-is-layout-flow\" style=\"flex-basis:100%\">\n<div class=\"wp-block-columns is-layout-flex wp-container-core-columns-is-layout-9d6595d7 wp-block-columns-is-layout-flex\">\n<div class=\"wp-block-column is-vertically-aligned-center is-layout-flow wp-block-column-is-layout-flow\" style=\"flex-basis:100%\">\n<div class=\"wp-block-columns is-layout-flex wp-container-core-columns-is-layout-9d6595d7 wp-block-columns-is-layout-flex\">\n<div class=\"wp-block-column is-vertically-aligned-top is-layout-flow wp-block-column-is-layout-flow\">\n<div class=\"wp-block-group\"><div class=\"wp-block-group__inner-container is-layout-flow wp-block-group-is-layout-flow\">\n<h6 class=\"wp-block-heading has-text-align-center has-medium-font-size\">Poster<\/h6>\n<\/div><\/div>\n\n\n\nngg_shortcode_0_placeholder\n<\/div>\n\n\n\n<div class=\"wp-block-column is-vertically-aligned-top is-layout-flow wp-block-column-is-layout-flow\">\n<div class=\"wp-block-group\"><div class=\"wp-block-group__inner-container is-layout-flow wp-block-group-is-layout-flow\">\n<h6 class=\"wp-block-heading has-text-align-center has-medium-font-size\">Karten<\/h6>\n<\/div><\/div>\n\n\n\nngg_shortcode_1_placeholder\n<\/div>\n<\/div>\n<\/div>\n<\/div>\n\n\n\n<div class=\"wp-block-columns is-layout-flex wp-container-core-columns-is-layout-9d6595d7 wp-block-columns-is-layout-flex\">\n<div class=\"wp-block-column is-layout-flow wp-block-column-is-layout-flow\">\n<h6 class=\"wp-block-heading has-text-align-center has-medium-font-size\"><\/h6>\n\n\n\n<p><\/p>\n<\/div>\n\n\n\n<div class=\"wp-block-column is-layout-flow wp-block-column-is-layout-flow\">\n<h6 class=\"wp-block-heading has-text-align-center has-medium-font-size\"><\/h6>\n\n\n\n<p><\/p>\n<\/div>\n\n\n\n<div class=\"wp-block-column is-layout-flow wp-block-column-is-layout-flow\">\n<h6 class=\"wp-block-heading has-text-align-center has-medium-font-size\"><\/h6>\n\n\n\n<p><\/p>\n<\/div>\n<\/div>\n\n\n\n<div class=\"wp-block-group\"><div class=\"wp-block-group__inner-container is-layout-flow wp-block-group-is-layout-flow\"><\/div><\/div>\n<\/div>\n<\/div>\n\n\n\n<div class=\"wp-block-group\"><div class=\"wp-block-group__inner-container is-layout-flow wp-block-group-is-layout-flow\"><\/div><\/div>\n\n\n\n<p style=\"font-size:1px\"><\/p>\n ","protected":false},"excerpt":{"rendered":"<p>Poster Karten<\/p>\n","protected":false},"author":1,"featured_media":0,"parent":0,"menu_order":0,"comment_status":"closed","ping_status":"closed","template":"","meta":{"sfsi_plus_gutenberg_text_before_share":"","sfsi_plus_gutenberg_show_text_before_share":"","sfsi_plus_gutenberg_icon_type":"","sfsi_plus_gutenberg_icon_alignemt":"","sfsi_plus_gutenburg_max_per_row":"","ngg_post_thumbnail":0,"footnotes":""},"class_list":["post-124","page","type-page","status-publish","hentry"],"_links":{"self":[{"href":"https:\/\/sarah-gnaden-illustration.de\/index.php?rest_route=\/wp\/v2\/pages\/124","targetHints":{"allow":["GET"]}}],"collection":[{"href":"https:\/\/sarah-gnaden-illustration.de\/index.php?rest_route=\/wp\/v2\/pages"}],"about":[{"href":"https:\/\/sarah-gnaden-illustration.de\/index.php?rest_route=\/wp\/v2\/types\/page"}],"author":[{"embeddable":true,"href":"https:\/\/sarah-gnaden-illustration.de\/index.php?rest_route=\/wp\/v2\/users\/1"}],"replies":[{"embeddable":true,"href":"https:\/\/sarah-gnaden-illustration.de\/index.php?rest_route=%2Fwp%2Fv2%2Fcomments&post=124"}],"version-history":[{"count":60,"href":"https:\/\/sarah-gnaden-illustration.de\/index.php?rest_route=\/wp\/v2\/pages\/124\/revisions"}],"predecessor-version":[{"id":1017,"href":"https:\/\/sarah-gnaden-illustration.de\/index.php?rest_route=\/wp\/v2\/pages\/124\/revisions\/1017"}],"wp:attachment":[{"href":"https:\/\/sarah-gnaden-illustration.de\/index.php?rest_route=%2Fwp%2Fv2%2Fmedia&parent=124"}],"curies":[{"name":"wp","href":"https:\/\/api.w.org\/{rel}","templated":true}]}}