{"id":621,"date":"2021-04-14T20:53:51","date_gmt":"2021-04-14T20:53:51","guid":{"rendered":"https:\/\/sarah-gnaden-illustration.de\/?post_type=product&#038;p=621"},"modified":"2022-12-15T20:44:36","modified_gmt":"2022-12-15T19:44:36","slug":"affirmationsposter-forest","status":"publish","type":"product","link":"https:\/\/sarah-gnaden-illustration.de\/?product=affirmationsposter-forest","title":{"rendered":"Affirmationsposter f\u00fcr Kinder Forest CLASSIC"},"content":{"rendered":"<p>Was sind Affirmationen?<br \/>\nAffirmationen sind einfache, klare, positiv formulierte S\u00e4tze, die unser Unterbewusstsein mir neuen Informationen versorgen.<\/p>\n<p>Wie k\u00f6nnen Affirmationen Kindern helfen?<br \/>\nAffirmationen k\u00f6nnen uns dabei unterst\u00fctzen, negative Glaubenss\u00e4tze durch neue, st\u00e4rkende und inspirierende Gedankenmuster zu ersetzen. Sie helfen dabei, sich im Alltag immer wieder mit liebevollen, positiven Botschaften zu verbinden und den Selbswert zu st\u00e4rken.<\/p>\n<p>Wie arbeitet man mit Affirmationen?<br \/>\nAm Besten ist es, wenn sich Eltern\/Bezugspersonen gemeinsam mit dem Kind t\u00e4glich mit den positiven S\u00e4tzen besch\u00e4ftigen und sie laut aussprechen. Man kann sich dazu ein sch\u00f6nes Ritual ausdenken, zum Beispiel einen &#8222;Gute-Laune-Tanz&#8220;, eine kleine Choreographie oder die S\u00e4tze leise bei einer Kuscheleinheit wiederholen.<\/p>\n<p>Das Poster und die Versandtaschen sind aus einer speziellen Umwelt-Druckserie aus nachhaltigen Materialien F\u00fcr alle meine Bestellungen \u00fcbernehme ich den Co2-Ausgleich.<\/p>\n ","protected":false},"excerpt":{"rendered":"<p>Was sind Affirmationen? Affirmationen sind einfache, klare, positiv formulierte S\u00e4tze, die unser Unterbewusstsein mir neuen Informationen versorgen. Wie k\u00f6nnen Affirmationen Kindern helfen? Affirmationen k\u00f6nnen uns dabei unterst\u00fctzen, negative Glaubenss\u00e4tze durch neue, st\u00e4rkende und inspirierende Gedankenmuster zu ersetzen. Sie helfen dabei, sich im Alltag immer wieder mit liebevollen, positiven Botschaften zu verbinden und den Selbswert zu [&hellip;]<\/p>\n","protected":false},"featured_media":872,"template":"","meta":{"sfsi_plus_gutenberg_text_before_share":"","sfsi_plus_gutenberg_show_text_before_share":"","sfsi_plus_gutenberg_icon_type":"","sfsi_plus_gutenberg_icon_alignemt":"","sfsi_plus_gutenburg_max_per_row":"","ngg_post_thumbnail":0},"product_brand":[],"product_cat":[37],"product_tag":[],"class_list":{"0":"post-621","1":"product","2":"type-product","3":"status-publish","4":"has-post-thumbnail","6":"product_cat-affirmationsposter","8":"first","9":"instock","10":"sale","11":"taxable","12":"shipping-taxable","13":"purchasable","14":"product-type-variable"},"_links":{"self":[{"href":"https:\/\/sarah-gnaden-illustration.de\/index.php?rest_route=\/wp\/v2\/product\/621","targetHints":{"allow":["GET"]}}],"collection":[{"href":"https:\/\/sarah-gnaden-illustration.de\/index.php?rest_route=\/wp\/v2\/product"}],"about":[{"href":"https:\/\/sarah-gnaden-illustration.de\/index.php?rest_route=\/wp\/v2\/types\/product"}],"wp:featuredmedia":[{"embeddable":true,"href":"https:\/\/sarah-gnaden-illustration.de\/index.php?rest_route=\/wp\/v2\/media\/872"}],"wp:attachment":[{"href":"https:\/\/sarah-gnaden-illustration.de\/index.php?rest_route=%2Fwp%2Fv2%2Fmedia&parent=621"}],"wp:term":[{"taxonomy":"product_brand","embeddable":true,"href":"https:\/\/sarah-gnaden-illustration.de\/index.php?rest_route=%2Fwp%2Fv2%2Fproduct_brand&post=621"},{"taxonomy":"product_cat","embeddable":true,"href":"https:\/\/sarah-gnaden-illustration.de\/index.php?rest_route=%2Fwp%2Fv2%2Fproduct_cat&post=621"},{"taxonomy":"product_tag","embeddable":true,"href":"https:\/\/sarah-gnaden-illustration.de\/index.php?rest_route=%2Fwp%2Fv2%2Fproduct_tag&post=621"}],"curies":[{"name":"wp","href":"https:\/\/api.w.org\/{rel}","templated":true}]}}