{"id":735,"date":"2021-04-18T22:55:14","date_gmt":"2021-04-18T20:55:14","guid":{"rendered":"https:\/\/sarah-gnaden-illustration.de\/?post_type=product&#038;p=735"},"modified":"2022-12-15T20:02:56","modified_gmt":"2022-12-15T19:02:56","slug":"karten-set-achtsamkeit","status":"publish","type":"product","link":"https:\/\/sarah-gnaden-illustration.de\/?product=karten-set-achtsamkeit","title":{"rendered":"Karten-Set Achtsamkeit"},"content":{"rendered":"<p>Karten-Set &#8222;Achtsamkeit&#8220; bestehend aus drei einzelnen Karten<\/p>\n<p>Ma\u00dfe &#8222;The way you speak to yourself matters&#8220; 15 x 15 cm<\/p>\n<p>Ma\u00dfe &#8222;When things change inside you&#8220; 15 x 15 cm<\/p>\n<p>Ma\u00dfe &#8222;Happiness is a choice&#8220; 10 x 15 cm<\/p>\n<p>Papierst\u00e4rke 300 g\/m\u00b2<\/p>\n ","protected":false},"excerpt":{"rendered":"<p>Karten-Set &#8222;Achtsamkeit&#8220; bestehend aus drei einzelnen Karten Ma\u00dfe &#8222;The way you speak to yourself matters&#8220; 15 x 15 cm Ma\u00dfe &#8222;When things change inside you&#8220; 15 x 15 cm Ma\u00dfe &#8222;Happiness is a choice&#8220; 10 x 15 cm Papierst\u00e4rke 300 g\/m\u00b2<\/p>\n","protected":false},"featured_media":734,"template":"","meta":{"sfsi_plus_gutenberg_text_before_share":"","sfsi_plus_gutenberg_show_text_before_share":"","sfsi_plus_gutenberg_icon_type":"","sfsi_plus_gutenberg_icon_alignemt":"","sfsi_plus_gutenburg_max_per_row":"","ngg_post_thumbnail":0},"product_brand":[],"product_cat":[40],"product_tag":[],"class_list":{"0":"post-735","1":"product","2":"type-product","3":"status-publish","4":"has-post-thumbnail","6":"product_cat-postkarten","8":"first","9":"instock","10":"taxable","11":"shipping-taxable","12":"purchasable","13":"product-type-simple"},"_links":{"self":[{"href":"https:\/\/sarah-gnaden-illustration.de\/index.php?rest_route=\/wp\/v2\/product\/735","targetHints":{"allow":["GET"]}}],"collection":[{"href":"https:\/\/sarah-gnaden-illustration.de\/index.php?rest_route=\/wp\/v2\/product"}],"about":[{"href":"https:\/\/sarah-gnaden-illustration.de\/index.php?rest_route=\/wp\/v2\/types\/product"}],"wp:featuredmedia":[{"embeddable":true,"href":"https:\/\/sarah-gnaden-illustration.de\/index.php?rest_route=\/wp\/v2\/media\/734"}],"wp:attachment":[{"href":"https:\/\/sarah-gnaden-illustration.de\/index.php?rest_route=%2Fwp%2Fv2%2Fmedia&parent=735"}],"wp:term":[{"taxonomy":"product_brand","embeddable":true,"href":"https:\/\/sarah-gnaden-illustration.de\/index.php?rest_route=%2Fwp%2Fv2%2Fproduct_brand&post=735"},{"taxonomy":"product_cat","embeddable":true,"href":"https:\/\/sarah-gnaden-illustration.de\/index.php?rest_route=%2Fwp%2Fv2%2Fproduct_cat&post=735"},{"taxonomy":"product_tag","embeddable":true,"href":"https:\/\/sarah-gnaden-illustration.de\/index.php?rest_route=%2Fwp%2Fv2%2Fproduct_tag&post=735"}],"curies":[{"name":"wp","href":"https:\/\/api.w.org\/{rel}","templated":true}]}}