{"id":738,"date":"2021-04-18T22:58:02","date_gmt":"2021-04-18T20:58:02","guid":{"rendered":"https:\/\/sarah-gnaden-illustration.de\/?post_type=product&#038;p=738"},"modified":"2022-12-15T20:02:06","modified_gmt":"2022-12-15T19:02:06","slug":"karten-set-sternenstaub","status":"publish","type":"product","link":"https:\/\/sarah-gnaden-illustration.de\/?product=karten-set-sternenstaub","title":{"rendered":"Karten-Set Sternenstaub"},"content":{"rendered":"<p>Karten-Set &#8222;Sternenstaub&#8220; bestehend aus drei einzelnen Karten<\/p>\n<p>Ma\u00dfe &#8222;Ich vertraue dem Universum&#8220; 15 x 15 cm<\/p>\n<p>Ma\u00dfe &#8222;Alles ist gut&#8220; 15 x 15 cm<\/p>\n<p>Ma\u00dfe &#8222;I am enough&#8220; 15 x 10 cm<\/p>\n<p>Papierst\u00e4rke 300 g\/m\u00b2<\/p>\n ","protected":false},"excerpt":{"rendered":"<p>Karten-Set &#8222;Sternenstaub&#8220; bestehend aus drei einzelnen Karten Ma\u00dfe &#8222;Ich vertraue dem Universum&#8220; 15 x 15 cm Ma\u00dfe &#8222;Alles ist gut&#8220; 15 x 15 cm Ma\u00dfe &#8222;I am enough&#8220; 15 x 10 cm Papierst\u00e4rke 300 g\/m\u00b2<\/p>\n","protected":false},"featured_media":739,"template":"","meta":{"sfsi_plus_gutenberg_text_before_share":"","sfsi_plus_gutenberg_show_text_before_share":"","sfsi_plus_gutenberg_icon_type":"","sfsi_plus_gutenberg_icon_alignemt":"","sfsi_plus_gutenburg_max_per_row":"","ngg_post_thumbnail":0},"product_brand":[],"product_cat":[40],"product_tag":[],"class_list":{"0":"post-738","1":"product","2":"type-product","3":"status-publish","4":"has-post-thumbnail","6":"product_cat-postkarten","8":"first","9":"instock","10":"taxable","11":"shipping-taxable","12":"purchasable","13":"product-type-simple"},"_links":{"self":[{"href":"https:\/\/sarah-gnaden-illustration.de\/index.php?rest_route=\/wp\/v2\/product\/738","targetHints":{"allow":["GET"]}}],"collection":[{"href":"https:\/\/sarah-gnaden-illustration.de\/index.php?rest_route=\/wp\/v2\/product"}],"about":[{"href":"https:\/\/sarah-gnaden-illustration.de\/index.php?rest_route=\/wp\/v2\/types\/product"}],"wp:featuredmedia":[{"embeddable":true,"href":"https:\/\/sarah-gnaden-illustration.de\/index.php?rest_route=\/wp\/v2\/media\/739"}],"wp:attachment":[{"href":"https:\/\/sarah-gnaden-illustration.de\/index.php?rest_route=%2Fwp%2Fv2%2Fmedia&parent=738"}],"wp:term":[{"taxonomy":"product_brand","embeddable":true,"href":"https:\/\/sarah-gnaden-illustration.de\/index.php?rest_route=%2Fwp%2Fv2%2Fproduct_brand&post=738"},{"taxonomy":"product_cat","embeddable":true,"href":"https:\/\/sarah-gnaden-illustration.de\/index.php?rest_route=%2Fwp%2Fv2%2Fproduct_cat&post=738"},{"taxonomy":"product_tag","embeddable":true,"href":"https:\/\/sarah-gnaden-illustration.de\/index.php?rest_route=%2Fwp%2Fv2%2Fproduct_tag&post=738"}],"curies":[{"name":"wp","href":"https:\/\/api.w.org\/{rel}","templated":true}]}}