{"id":899,"date":"2022-12-15T20:22:14","date_gmt":"2022-12-15T19:22:14","guid":{"rendered":"https:\/\/sarah-gnaden-illustration.de\/?post_type=product&#038;p=899"},"modified":"2022-12-16T08:42:13","modified_gmt":"2022-12-16T07:42:13","slug":"nuts-und-die-goldene-nuss-gebunden","status":"publish","type":"product","link":"https:\/\/sarah-gnaden-illustration.de\/?product=nuts-und-die-goldene-nuss-gebunden","title":{"rendered":"Nuts und die goldene Nuss, gebunden"},"content":{"rendered":"<p class=\"moz-quote-pre\"><span style=\"font-size: 12pt;\">Gebundene Ausgabe von \u201eNuts und die goldene Nuss\u201c<br \/>\n<\/span><span style=\"font-size: 12pt;\">Das Kinderbuch \u201eNuts und die goldene Nuss\u201c soll Kinder dazu inspirieren, zu verinnerlichen, dass sie so wie sie sind, genau richtig sind und sich &#8211; und ihr \u00c4u\u00dferes &#8211; nicht mit anderen zu vergleichen. Ein geringes Selbstwertgef\u00fchl zu haben und zu denken, dass man nicht gut genug ist oder etwas mit einem was nicht stimmt &#8211; diese Themen besch\u00e4ftigen nicht nur Erwachsene, sondern auch immer mehr Kinder. \u201eNuts\u201c vermittelt, dass jedes Lebewesen ist einzigartig ist und dass wir Gedanken w\u00e4hlen k\u00f6nnen, die uns st\u00e4rken.<br \/>\n<\/span><\/p>\n<p class=\"moz-quote-pre\"><span style=\"font-size: 12pt;\">In &#8222;Nuts und die goldene Nuss&#8220; verl\u00e4sst das kleine Eichh\u00f6rnchen Nuts zum ersten Mal den Kobel und unternimmt mit ihrer Mama einen Ausflug in die weite Welt. Zusammen sammeln sie N\u00fcsse und begegnen vielen anderen Waldbewohnern. Nuts ist begeistert und lauscht den Geschichten und Erkl\u00e4rungen ihrer Mutter aufmerksam. Doch pl\u00f6tzlich beginnt das Eichh\u00f6rnchenm\u00e4dchen, sich mit den anderen Tieren zu vergleichen und fragt sich, ob mit ihr etwas nicht stimmt, weil ihr die anderen Tiere so besonders erscheinen. Da verr\u00e4t ihr ihre Mama, welchen Schatz sie in sich tr\u00e4gt und eine gro\u00dfe Weisheit, die Nuts ein Leben lang den R\u00fccken st\u00e4rken wird.<\/span><\/p>\n ","protected":false},"excerpt":{"rendered":"<p>Gebundene Ausgabe von \u201eNuts und die goldene Nuss\u201c Das Kinderbuch \u201eNuts und die goldene Nuss\u201c soll Kinder dazu inspirieren, zu verinnerlichen, dass sie so wie sie sind, genau richtig sind und sich &#8211; und ihr \u00c4u\u00dferes &#8211; nicht mit anderen zu vergleichen. Ein geringes Selbstwertgef\u00fchl zu haben und zu denken, dass man nicht gut genug [&hellip;]<\/p>\n","protected":false},"featured_media":900,"template":"","meta":{"sfsi_plus_gutenberg_text_before_share":"","sfsi_plus_gutenberg_show_text_before_share":"","sfsi_plus_gutenberg_icon_type":"","sfsi_plus_gutenberg_icon_alignemt":"","sfsi_plus_gutenburg_max_per_row":"","ngg_post_thumbnail":0},"product_brand":[],"product_cat":[44],"product_tag":[],"class_list":{"0":"post-899","1":"product","2":"type-product","3":"status-publish","4":"has-post-thumbnail","6":"product_cat-buecher","8":"first","9":"instock","10":"taxable","11":"shipping-taxable","12":"purchasable","13":"product-type-simple"},"_links":{"self":[{"href":"https:\/\/sarah-gnaden-illustration.de\/index.php?rest_route=\/wp\/v2\/product\/899","targetHints":{"allow":["GET"]}}],"collection":[{"href":"https:\/\/sarah-gnaden-illustration.de\/index.php?rest_route=\/wp\/v2\/product"}],"about":[{"href":"https:\/\/sarah-gnaden-illustration.de\/index.php?rest_route=\/wp\/v2\/types\/product"}],"wp:featuredmedia":[{"embeddable":true,"href":"https:\/\/sarah-gnaden-illustration.de\/index.php?rest_route=\/wp\/v2\/media\/900"}],"wp:attachment":[{"href":"https:\/\/sarah-gnaden-illustration.de\/index.php?rest_route=%2Fwp%2Fv2%2Fmedia&parent=899"}],"wp:term":[{"taxonomy":"product_brand","embeddable":true,"href":"https:\/\/sarah-gnaden-illustration.de\/index.php?rest_route=%2Fwp%2Fv2%2Fproduct_brand&post=899"},{"taxonomy":"product_cat","embeddable":true,"href":"https:\/\/sarah-gnaden-illustration.de\/index.php?rest_route=%2Fwp%2Fv2%2Fproduct_cat&post=899"},{"taxonomy":"product_tag","embeddable":true,"href":"https:\/\/sarah-gnaden-illustration.de\/index.php?rest_route=%2Fwp%2Fv2%2Fproduct_tag&post=899"}],"curies":[{"name":"wp","href":"https:\/\/api.w.org\/{rel}","templated":true}]}}