{"id":901,"date":"2022-12-15T20:26:12","date_gmt":"2022-12-15T19:26:12","guid":{"rendered":"https:\/\/sarah-gnaden-illustration.de\/?post_type=product&#038;p=901"},"modified":"2022-12-15T20:41:20","modified_gmt":"2022-12-15T19:41:20","slug":"affirmationen-fuer-kinder-gemischtes-set-4x2-karten","status":"publish","type":"product","link":"https:\/\/sarah-gnaden-illustration.de\/?product=affirmationen-fuer-kinder-gemischtes-set-4x2-karten","title":{"rendered":"Affirmationen f\u00fcr Kinder, gemischtes-Set, 4&#215;2 Karten"},"content":{"rendered":"<p>Affirmationen f\u00fcr Kinder, gemischtes-Set, 4&#215;2 Karten<\/p>\n<p>Dieses Set besteht aus euren Lieblingskarten und enth\u00e4lt je zwei Karten von: Rainbow Neu, Forest Neu, My Little Kingdom und Wonderful Me.<\/p>\n<p>Die Affirmationskarten mit den st\u00e4rkenden S\u00e4tzen sind ein besonderes Geschenk zur Einschulung, f\u00fcr den Kindergeburtstag oder als Beigabe zum Zeugnis. Viel Freude beim Verschenken.<\/p>\n<p>Ma\u00dfe 10&#215;15 cm<\/p>\n<p>Papierst\u00e4rke 400 g\/m\u00b2<\/p>\n ","protected":false},"excerpt":{"rendered":"<p>Affirmationen f\u00fcr Kinder, gemischtes-Set, 4&#215;2 Karten Dieses Set besteht aus euren Lieblingskarten und enth\u00e4lt je zwei Karten von: Rainbow Neu, Forest Neu, My Little Kingdom und Wonderful Me. Die Affirmationskarten mit den st\u00e4rkenden S\u00e4tzen sind ein besonderes Geschenk zur Einschulung, f\u00fcr den Kindergeburtstag oder als Beigabe zum Zeugnis. Viel Freude beim Verschenken. Ma\u00dfe 10&#215;15 cm [&hellip;]<\/p>\n","protected":false},"featured_media":902,"template":"","meta":{"sfsi_plus_gutenberg_text_before_share":"","sfsi_plus_gutenberg_show_text_before_share":"","sfsi_plus_gutenberg_icon_type":"","sfsi_plus_gutenberg_icon_alignemt":"","sfsi_plus_gutenburg_max_per_row":"","ngg_post_thumbnail":0},"product_brand":[],"product_cat":[40],"product_tag":[],"class_list":{"0":"post-901","1":"product","2":"type-product","3":"status-publish","4":"has-post-thumbnail","6":"product_cat-postkarten","8":"first","9":"instock","10":"taxable","11":"shipping-taxable","12":"purchasable","13":"product-type-simple"},"_links":{"self":[{"href":"https:\/\/sarah-gnaden-illustration.de\/index.php?rest_route=\/wp\/v2\/product\/901","targetHints":{"allow":["GET"]}}],"collection":[{"href":"https:\/\/sarah-gnaden-illustration.de\/index.php?rest_route=\/wp\/v2\/product"}],"about":[{"href":"https:\/\/sarah-gnaden-illustration.de\/index.php?rest_route=\/wp\/v2\/types\/product"}],"wp:featuredmedia":[{"embeddable":true,"href":"https:\/\/sarah-gnaden-illustration.de\/index.php?rest_route=\/wp\/v2\/media\/902"}],"wp:attachment":[{"href":"https:\/\/sarah-gnaden-illustration.de\/index.php?rest_route=%2Fwp%2Fv2%2Fmedia&parent=901"}],"wp:term":[{"taxonomy":"product_brand","embeddable":true,"href":"https:\/\/sarah-gnaden-illustration.de\/index.php?rest_route=%2Fwp%2Fv2%2Fproduct_brand&post=901"},{"taxonomy":"product_cat","embeddable":true,"href":"https:\/\/sarah-gnaden-illustration.de\/index.php?rest_route=%2Fwp%2Fv2%2Fproduct_cat&post=901"},{"taxonomy":"product_tag","embeddable":true,"href":"https:\/\/sarah-gnaden-illustration.de\/index.php?rest_route=%2Fwp%2Fv2%2Fproduct_tag&post=901"}],"curies":[{"name":"wp","href":"https:\/\/api.w.org\/{rel}","templated":true}]}}